{"id":51,"date":"2021-01-26T12:09:52","date_gmt":"2021-01-26T12:09:52","guid":{"rendered":"http:\/\/tschamut.ch\/?page_id=51"},"modified":"2021-01-26T12:09:53","modified_gmt":"2021-01-26T12:09:53","slug":"der-tomasee-die-quelle-des-rheins","status":"publish","type":"page","link":"https:\/\/tschamut.ch\/?page_id=51","title":{"rendered":"Der Tomasee, die Quelle des Rheins"},"content":{"rendered":"\n<div class=\"wp-block-columns is-layout-flex wp-container-core-columns-is-layout-9d6595d7 wp-block-columns-is-layout-flex\">\n<div class=\"wp-block-column is-layout-flow wp-block-column-is-layout-flow\" style=\"flex-basis:100%\">\n<figure class=\"wp-block-image size-large\"><img loading=\"lazy\" decoding=\"async\" width=\"1024\" height=\"768\" src=\"https:\/\/tschamut.ch\/wp-content\/uploads\/2021\/01\/IMG_4686-1024x768.jpeg\" alt=\"Der Tomasee von Westen\" class=\"wp-image-56\" srcset=\"https:\/\/tschamut.ch\/wp-content\/uploads\/2021\/01\/IMG_4686-1024x768.jpeg 1024w, https:\/\/tschamut.ch\/wp-content\/uploads\/2021\/01\/IMG_4686-300x225.jpeg 300w, https:\/\/tschamut.ch\/wp-content\/uploads\/2021\/01\/IMG_4686-768x576.jpeg 768w, https:\/\/tschamut.ch\/wp-content\/uploads\/2021\/01\/IMG_4686-1536x1152.jpeg 1536w, https:\/\/tschamut.ch\/wp-content\/uploads\/2021\/01\/IMG_4686-2048x1536.jpeg 2048w\" sizes=\"auto, (max-width: 767px) 89vw, (max-width: 1000px) 54vw, (max-width: 1071px) 543px, 580px\" \/><figcaption>Am Ufer des Tomasee mit Blick nach Osten in Richtung Piz Cavradi.<\/figcaption><\/figure>\n\n\n\n<p id=\"block-97ba788b-60a6-4f84-a3ab-1b0358b0c697\">Was bei Rotterdam als wichtigste Wasserader der Welt ins Meer m\u00fcndet, beginnt hier als kleines, murmelndes Bergb\u00e4chlein auf 2\u2019344 m.\u00fc.M. am Nordfuss des Piz Badus. Die eigentliche Quelle befindet sich etwas oberhalb vom Tomasee.<\/p>\n\n\n\n<p id=\"block-f8b664c4-fec1-4a98-811c-d9be93123b33\">Vom Tomasee selber sind es&nbsp;1\u2019233km bis zur M\u00fcndung in Hoek van Holland und vom murmelnden Bergbach ist bis dort ein Strom mit einer durchschnittlichen Abflussmenge von durchschnittlich 2&#8217;300&nbsp;Kubikmeter pro Sekunde geworden.<\/p>\n\n\n\n<div class=\"wp-block-image\"><figure class=\"aligncenter size-large is-resized\"><img loading=\"lazy\" decoding=\"async\" src=\"https:\/\/tschamut.ch\/wp-content\/uploads\/2021\/01\/IMG_4702-768x1024.jpeg\" alt=\"Der erste Wasserfall des Rheins kurz nach dem Tomasee\" class=\"wp-image-55\" width=\"291\" height=\"387\" srcset=\"https:\/\/tschamut.ch\/wp-content\/uploads\/2021\/01\/IMG_4702-768x1024.jpeg 768w, https:\/\/tschamut.ch\/wp-content\/uploads\/2021\/01\/IMG_4702-225x300.jpeg 225w, https:\/\/tschamut.ch\/wp-content\/uploads\/2021\/01\/IMG_4702-1152x1536.jpeg 1152w, https:\/\/tschamut.ch\/wp-content\/uploads\/2021\/01\/IMG_4702-1536x2048.jpeg 1536w, https:\/\/tschamut.ch\/wp-content\/uploads\/2021\/01\/IMG_4702-scaled.jpeg 1919w\" sizes=\"auto, (max-width: 291px) 100vw, 291px\" \/><figcaption>Erst seit kurzem fliesst hier wieder Wasser, davor war das Bett des jungen Rheins schon kurz nach dem Tomasee meistens trocken.<\/figcaption><\/figure><\/div>\n\n\n\n<p id=\"block-a8eb15d4-2e7f-4096-9c90-4d17a7100b29\">Der Name Tomasee kommt vom r\u00e4toromanischen \u00abTuma\u00bb. Es bedeutet H\u00fcgel, der Name \u00abSee beim H\u00fcgel\u00bb, beschreibt also seine Lage in einer Senke. Etwas oberhalb im Nordwesten des Sees liegt die \u00abAlp Toma\u00bb. Rund herum bilden die Gipfel des Piz Badus, Piz Tuma, Parlet und Rossbodenstock einen Kessel, in den der Tomasee eingebettet ist. Der Rhein hat deshalb gar keine andere Wahl, als nach Osten Richtung \u00abPlidutscha\u00bb abzufliessen. Nach knapp einem halben Kilometer verschwindet der \u00abRein da Tuma\u00bb in einer Wasserfassung und wird in den \u00abLai da Curnera\u00bb geleitet dessen Staumauer s\u00fcdlich von Tschamut bedrohlich zwischen den zwei Felsw\u00e4nden h\u00e4ngt, die das \u00abVal Curnera\u00bb auf beiden Seiten j\u00e4h beenden.<\/p>\n\n\n\n<figure class=\"wp-block-image size-large\"><img loading=\"lazy\" decoding=\"async\" width=\"1024\" height=\"768\" src=\"https:\/\/tschamut.ch\/wp-content\/uploads\/2021\/01\/IMG_5193-1024x768.jpeg\" alt=\"Lai da Curnera, hier fliesst das Wasser vom Tomasee hin.\" class=\"wp-image-54\" srcset=\"https:\/\/tschamut.ch\/wp-content\/uploads\/2021\/01\/IMG_5193-1024x768.jpeg 1024w, https:\/\/tschamut.ch\/wp-content\/uploads\/2021\/01\/IMG_5193-300x225.jpeg 300w, https:\/\/tschamut.ch\/wp-content\/uploads\/2021\/01\/IMG_5193-768x576.jpeg 768w, https:\/\/tschamut.ch\/wp-content\/uploads\/2021\/01\/IMG_5193-1536x1152.jpeg 1536w, https:\/\/tschamut.ch\/wp-content\/uploads\/2021\/01\/IMG_5193-2048x1536.jpeg 2048w\" sizes=\"auto, (max-width: 767px) 89vw, (max-width: 1000px) 54vw, (max-width: 1071px) 543px, 580px\" \/><figcaption>Der \u00abLai da Curnera\u00bb von S\u00fcdwesten, hier fliesst das meiste Wasser aus dem Tomasee hin.<\/figcaption><\/figure>\n<\/div>\n<\/div>\n","protected":false},"excerpt":{"rendered":"<p>Was bei Rotterdam als wichtigste Wasserader der Welt ins Meer m\u00fcndet, beginnt hier als kleines, murmelndes Bergb\u00e4chlein auf 2\u2019344 m.\u00fc.M. am Nordfuss des Piz Badus. Die eigentliche Quelle befindet sich etwas oberhalb vom Tomasee. Vom Tomasee selber sind es&nbsp;1\u2019233km bis zur M\u00fcndung in Hoek van Holland und vom murmelnden Bergbach ist bis dort ein Strom &hellip; <\/p>\n<p class=\"link-more\"><a href=\"https:\/\/tschamut.ch\/?page_id=51\" class=\"more-link\">Continue reading<span class=\"screen-reader-text\"> &#8220;Der Tomasee, die Quelle des Rheins&#8221;<\/span><\/a><\/p>\n","protected":false},"author":1,"featured_media":0,"parent":0,"menu_order":0,"comment_status":"closed","ping_status":"closed","template":"","meta":{"footnotes":""},"class_list":["post-51","page","type-page","status-publish","hentry"],"_links":{"self":[{"href":"https:\/\/tschamut.ch\/index.php?rest_route=\/wp\/v2\/pages\/51","targetHints":{"allow":["GET"]}}],"collection":[{"href":"https:\/\/tschamut.ch\/index.php?rest_route=\/wp\/v2\/pages"}],"about":[{"href":"https:\/\/tschamut.ch\/index.php?rest_route=\/wp\/v2\/types\/page"}],"author":[{"embeddable":true,"href":"https:\/\/tschamut.ch\/index.php?rest_route=\/wp\/v2\/users\/1"}],"replies":[{"embeddable":true,"href":"https:\/\/tschamut.ch\/index.php?rest_route=%2Fwp%2Fv2%2Fcomments&post=51"}],"version-history":[{"count":2,"href":"https:\/\/tschamut.ch\/index.php?rest_route=\/wp\/v2\/pages\/51\/revisions"}],"predecessor-version":[{"id":57,"href":"https:\/\/tschamut.ch\/index.php?rest_route=\/wp\/v2\/pages\/51\/revisions\/57"}],"wp:attachment":[{"href":"https:\/\/tschamut.ch\/index.php?rest_route=%2Fwp%2Fv2%2Fmedia&parent=51"}],"curies":[{"name":"wp","href":"https:\/\/api.w.org\/{rel}","templated":true}]}}